{"id":38,"date":"2017-08-02T17:54:06","date_gmt":"2017-08-02T17:54:06","guid":{"rendered":"http:\/\/www.die-siedenberger.de\/?page_id=38"},"modified":"2017-08-02T17:55:10","modified_gmt":"2017-08-02T17:55:10","slug":"geschichte","status":"publish","type":"page","link":"https:\/\/www.die-siedenberger.de\/?page_id=38","title":{"rendered":"Geschichte"},"content":{"rendered":"<p>Im Jahr 2000 konnte der Ort Siedenberg auf 600 Jahre Ortsgeschichte zur\u00fcckblicken.<\/p>\n<p>Schon ANNO 1400 erscheint der Hof als &#8222;Sydenberg&#8220; in den Urkunden. Er geh\u00f6rte bis 1604 zur &#8222;Herrschaft Homburg&#8220;, aber auch nach \u00dcbergang der Landeshoheit auf das &#8222;Herzogtum Berg&#8220; blieben die Grafen von Sayn Eigent\u00fcmer der zu ihrem Volperhausener Besitz geh\u00f6renden H\u00f6fe Siedenberg und Strick.<\/p>\n<p>Im Jahre 1621 belohnte Graf Wilhelm zu Sayn und Wittgenstein den Martin von Volperhausen wegen seiner treuen Dienste mit der Burg Volperhausen und den dazu geh\u00f6renden H\u00f6fen.<\/p>\n<p>Als das Kirchspiel Morsbach von 1634 bis 1661 verpf\u00e4ndet war und unter der Herrschaft der Grafen von Hatzfeld-Wildenburg stand, war Siedenberg in aller Munde.<\/p>\n","protected":false},"excerpt":{"rendered":"<p>Im Jahr 2000 konnte der Ort Siedenberg auf 600 Jahre Ortsgeschichte zur\u00fcckblicken. Schon ANNO 1400 erscheint der Hof als &#8222;Sydenberg&#8220; in den Urkunden. Er geh\u00f6rte bis 1604 zur &#8222;Herrschaft Homburg&#8220;, aber auch nach \u00dcbergang der Landeshoheit auf das &#8222;Herzogtum Berg&#8220; blieben die Grafen von Sayn Eigent\u00fcmer der zu ihrem Volperhausener Besitz geh\u00f6renden H\u00f6fe Siedenberg und &hellip; <\/p>\n<p class=\"link-more\"><a href=\"https:\/\/www.die-siedenberger.de\/?page_id=38\" class=\"more-link\"><span class=\"screen-reader-text\">\u201eGeschichte\u201c<\/span> weiterlesen<\/a><\/p>\n","protected":false},"author":1,"featured_media":0,"parent":41,"menu_order":1,"comment_status":"closed","ping_status":"closed","template":"","meta":{"footnotes":""},"class_list":["post-38","page","type-page","status-publish","hentry"],"_links":{"self":[{"href":"https:\/\/www.die-siedenberger.de\/index.php?rest_route=\/wp\/v2\/pages\/38","targetHints":{"allow":["GET"]}}],"collection":[{"href":"https:\/\/www.die-siedenberger.de\/index.php?rest_route=\/wp\/v2\/pages"}],"about":[{"href":"https:\/\/www.die-siedenberger.de\/index.php?rest_route=\/wp\/v2\/types\/page"}],"author":[{"embeddable":true,"href":"https:\/\/www.die-siedenberger.de\/index.php?rest_route=\/wp\/v2\/users\/1"}],"replies":[{"embeddable":true,"href":"https:\/\/www.die-siedenberger.de\/index.php?rest_route=%2Fwp%2Fv2%2Fcomments&post=38"}],"version-history":[{"count":1,"href":"https:\/\/www.die-siedenberger.de\/index.php?rest_route=\/wp\/v2\/pages\/38\/revisions"}],"predecessor-version":[{"id":40,"href":"https:\/\/www.die-siedenberger.de\/index.php?rest_route=\/wp\/v2\/pages\/38\/revisions\/40"}],"up":[{"embeddable":true,"href":"https:\/\/www.die-siedenberger.de\/index.php?rest_route=\/wp\/v2\/pages\/41"}],"wp:attachment":[{"href":"https:\/\/www.die-siedenberger.de\/index.php?rest_route=%2Fwp%2Fv2%2Fmedia&parent=38"}],"curies":[{"name":"wp","href":"https:\/\/api.w.org\/{rel}","templated":true}]}}